{"id":1278,"date":"2019-09-15T12:25:45","date_gmt":"2019-09-15T12:25:45","guid":{"rendered":"http:\/\/riabilitazioneneurocognitiva.it\/formazione\/corsi-esterni-autorizzati-dal-cs\/"},"modified":"2025-06-16T09:21:51","modified_gmt":"2025-06-16T09:21:51","slug":"external-courses-authorized","status":"publish","type":"page","link":"https:\/\/riabilitazioneneurocognitiva.it\/en\/training\/external-courses-authorized\/","title":{"rendered":"External courses authorized"},"content":{"rendered":"<div class=\"wpb-content-wrapper\"><p>[vc_row css=&#8221;.vc_custom_1542039237831{padding-bottom: 20px !important;}&#8221;][vc_column]<div class=\"dt-fancy-separator title-left h2-size accent-title-color accent-border-color\" style=\"width: 100%;\"><div class=\"dt-fancy-title\"><span class=\"separator-holder separator-left\"><\/span>External courses authorized by the Centro Studi di Riabilitazione Neurocognitiva \u201cVilla Miari\u201d<span class=\"separator-holder separator-right\"><\/span><\/div><\/div>[\/vc_column][\/vc_row][vc_row][vc_column][vc_column_text]<\/p>\n<p>The <em>Centro Studi di Riabilitazione Neurocognitiva di \u201cVilla Miari\u201d<\/em> certifies the quality and proper training of courses performed outside the <em>Centro Studi.<\/em> These courses are taught by Neurocognitive Rehabilitator Teachers qualified by the <em>Scuola Internazionale di Riabilitazione Neurocognitiva \u201cCarlo Perfetti\u201d<\/em> (International School of Neurocognitive Rehabilitation).<\/p>\n<p>The <em>Centro Studi<\/em>, through its registered trademark, certifies the validity of the aforementioned courses in the area of Neurocognitive Rehabilitation.&nbsp;The registered trademark of the <em>Centro Studi<\/em>, placed on participant\u2019s certificates, assures that the course, in terms of quality and content, is equivalent to the courses held at <em>Centro Studi di Riabilitazione Neurocognitiva &#8220;Villa Miari&#8221;.<\/em><\/p>\n<div id=\"njcdgcofcbnlbpkpdhmlmiblaglnkpnj\"><\/div>\n<p>[\/vc_column_text][vc_column_text css=&#8221;&#8221;]Currently, the authorized courses you can enroll in for the 2025-26 academic year are:<\/p>\n<ul>\n<li>Introductory Course in Cognitive Multisensory Rehabilitation<br \/>\nBarcelona (Spain) &#8211; <a href=\"https:\/\/www.asociacionperfetti.com\/\" target=\"_blank\" rel=\"noopener\">Asociaci\u00f3n Espa\u00f1ola de Rehabilitaci\u00f3n Neurocognitiva Perfetti<\/a><br \/>\nJune 13-15, 2025<br \/>\nTeachers: Elia Gonzalez Roch<\/li>\n<li>Basic Course in Cognitive Multisensory Rehabilitation<br \/>\nManila (Philippines)<br \/>\nJanuary 2026<br \/>\nTeacher: Marco Rigoni<\/p>\n<p>Within the training plan of the Facultat de Ci\u00e8ncies de la Salut, campus UManresa (UVIC-UCC), the course &#8220;T\u00c8CNIQUES ESPECIALS DE FISIOTER\u00c0PIA EN NEUROLOGIA&#8221; held by neurocognitive teacher Laia Salles Oller is recognized as an Introductory RNC Course<\/li>\n<\/ul>\n<p>[\/vc_column_text]<div class=\"ult-spacer spacer-69ebd41c70cc1\" data-id=\"69ebd41c70cc1\" data-height=\"5\" data-height-mobile=\"5\" data-height-tab=\"5\" data-height-tab-portrait=\"\" data-height-mobile-landscape=\"\" style=\"clear:both;display:block;\"><\/div>[vc_column_text]<\/p>\n<p>To request an external authorized course at your institution, please write to <a href=\"mailto:segreteria@riabilitazioneneurocognitiva.it\" data-mce-href=\"mailto:segreteria@riabilitazioneneurocognitiva.it\">segreteria@riabilitazioneneurocognitiva.it<\/a> , at least one month before.<\/p>\n<p>[\/vc_column_text][\/vc_column][\/vc_row]<\/p>\n<\/div>","protected":false},"excerpt":{"rendered":"<p>[vc_row css=&#8221;.vc_custom_1542039237831{padding-bottom: 20px !important;}&#8221;][vc_column][\/vc_column][\/vc_row][vc_row][vc_column][vc_column_text] The Centro Studi di Riabilitazione Neurocognitiva di \u201cVilla Miari\u201d certifies the quality and proper training of courses performed outside the Centro Studi. These courses are taught by Neurocognitive Rehabilitator Teachers qualified by the Scuola Internazionale di Riabilitazione Neurocognitiva \u201cCarlo Perfetti\u201d (International School of Neurocognitive Rehabilitation). The Centro Studi, through its registered&hellip;<\/p>\n","protected":false},"author":1,"featured_media":0,"parent":1274,"menu_order":0,"comment_status":"closed","ping_status":"closed","template":"","meta":{"_acf_changed":false,"footnotes":""},"class_list":["post-1278","page","type-page","status-publish","hentry","description-off"],"acf":[],"yoast_head":"<!-- This site is optimized with the Yoast SEO plugin v23.1 - https:\/\/yoast.com\/wordpress\/plugins\/seo\/ -->\n<title>External courses authorized - Riabilitazione Neurocognitiva<\/title>\n<meta name=\"robots\" content=\"index, follow, max-snippet:-1, max-image-preview:large, max-video-preview:-1\" \/>\n<link rel=\"canonical\" href=\"https:\/\/riabilitazioneneurocognitiva.it\/en\/training\/external-courses-authorized\/\" \/>\n<meta property=\"og:locale\" content=\"en_US\" \/>\n<meta property=\"og:type\" content=\"article\" \/>\n<meta property=\"og:title\" content=\"External courses authorized - Riabilitazione Neurocognitiva\" \/>\n<meta property=\"og:description\" content=\"[vc_row css=&#8221;.vc_custom_1542039237831{padding-bottom: 20px !important;}&#8221;][vc_column][\/vc_column][\/vc_row][vc_row][vc_column][vc_column_text] The Centro Studi di Riabilitazione Neurocognitiva di \u201cVilla Miari\u201d certifies the quality and proper training of courses performed outside the Centro Studi. These courses are taught by Neurocognitive Rehabilitator Teachers qualified by the Scuola Internazionale di Riabilitazione Neurocognitiva \u201cCarlo Perfetti\u201d (International School of Neurocognitive Rehabilitation). The Centro Studi, through its registered&hellip;\" \/>\n<meta property=\"og:url\" content=\"https:\/\/riabilitazioneneurocognitiva.it\/en\/training\/external-courses-authorized\/\" \/>\n<meta property=\"og:site_name\" content=\"Riabilitazione Neurocognitiva\" \/>\n<meta property=\"article:publisher\" content=\"https:\/\/it-it.facebook.com\/centrostudivillamiari\" \/>\n<meta property=\"article:modified_time\" content=\"2025-06-16T09:21:51+00:00\" \/>\n<meta property=\"og:image\" content=\"https:\/\/riabilitazioneneurocognitiva.it\/wp-content\/uploads\/2021\/03\/rn-social-fb-home.jpg\" \/>\n\t<meta property=\"og:image:width\" content=\"1200\" \/>\n\t<meta property=\"og:image:height\" content=\"630\" \/>\n\t<meta property=\"og:image:type\" content=\"image\/jpeg\" \/>\n<meta name=\"twitter:card\" content=\"summary_large_image\" \/>\n<meta name=\"twitter:label1\" content=\"Est. reading time\" \/>\n\t<meta name=\"twitter:data1\" content=\"2 minutes\" \/>\n<script type=\"application\/ld+json\" class=\"yoast-schema-graph\">{\"@context\":\"https:\/\/schema.org\",\"@graph\":[{\"@type\":\"WebPage\",\"@id\":\"https:\/\/riabilitazioneneurocognitiva.it\/en\/training\/external-courses-authorized\/\",\"url\":\"https:\/\/riabilitazioneneurocognitiva.it\/en\/training\/external-courses-authorized\/\",\"name\":\"External courses authorized - Riabilitazione Neurocognitiva\",\"isPartOf\":{\"@id\":\"https:\/\/riabilitazioneneurocognitiva.it\/en\/#website\"},\"datePublished\":\"2019-09-15T12:25:45+00:00\",\"dateModified\":\"2025-06-16T09:21:51+00:00\",\"breadcrumb\":{\"@id\":\"https:\/\/riabilitazioneneurocognitiva.it\/en\/training\/external-courses-authorized\/#breadcrumb\"},\"inLanguage\":\"en-US\",\"potentialAction\":[{\"@type\":\"ReadAction\",\"target\":[\"https:\/\/riabilitazioneneurocognitiva.it\/en\/training\/external-courses-authorized\/\"]}]},{\"@type\":\"BreadcrumbList\",\"@id\":\"https:\/\/riabilitazioneneurocognitiva.it\/en\/training\/external-courses-authorized\/#breadcrumb\",\"itemListElement\":[{\"@type\":\"ListItem\",\"position\":1,\"name\":\"Home\",\"item\":\"https:\/\/riabilitazioneneurocognitiva.it\/en\/\"},{\"@type\":\"ListItem\",\"position\":2,\"name\":\"Training\",\"item\":\"https:\/\/riabilitazioneneurocognitiva.it\/en\/training\/\"},{\"@type\":\"ListItem\",\"position\":3,\"name\":\"External courses authorized\"}]},{\"@type\":\"WebSite\",\"@id\":\"https:\/\/riabilitazioneneurocognitiva.it\/en\/#website\",\"url\":\"https:\/\/riabilitazioneneurocognitiva.it\/en\/\",\"name\":\"Riabilitazione Neurocognitiva\",\"description\":\"Centro Studi di Santorso\",\"publisher\":{\"@id\":\"https:\/\/riabilitazioneneurocognitiva.it\/en\/#organization\"},\"potentialAction\":[{\"@type\":\"SearchAction\",\"target\":{\"@type\":\"EntryPoint\",\"urlTemplate\":\"https:\/\/riabilitazioneneurocognitiva.it\/en\/?s={search_term_string}\"},\"query-input\":\"required name=search_term_string\"}],\"inLanguage\":\"en-US\"},{\"@type\":\"Organization\",\"@id\":\"https:\/\/riabilitazioneneurocognitiva.it\/en\/#organization\",\"name\":\"Neurocognitive Rehabilitation - Villa Miari Study Center\",\"url\":\"https:\/\/riabilitazioneneurocognitiva.it\/en\/\",\"logo\":{\"@type\":\"ImageObject\",\"inLanguage\":\"en-US\",\"@id\":\"https:\/\/riabilitazioneneurocognitiva.it\/en\/#\/schema\/logo\/image\/\",\"url\":\"https:\/\/riabilitazioneneurocognitiva.it\/wp-content\/uploads\/2018\/12\/rnc-mobile-logo-hd.png\",\"contentUrl\":\"https:\/\/riabilitazioneneurocognitiva.it\/wp-content\/uploads\/2018\/12\/rnc-mobile-logo-hd.png\",\"width\":300,\"height\":120,\"caption\":\"Neurocognitive Rehabilitation - Villa Miari Study Center\"},\"image\":{\"@id\":\"https:\/\/riabilitazioneneurocognitiva.it\/en\/#\/schema\/logo\/image\/\"},\"sameAs\":[\"https:\/\/it-it.facebook.com\/centrostudivillamiari\",\"https:\/\/www.youtube.com\/channel\/UCu7jdSSUefgLMX_NlSydUQQ\"]}]}<\/script>\n<!-- \/ Yoast SEO plugin. -->","yoast_head_json":{"title":"External courses authorized - Riabilitazione Neurocognitiva","robots":{"index":"index","follow":"follow","max-snippet":"max-snippet:-1","max-image-preview":"max-image-preview:large","max-video-preview":"max-video-preview:-1"},"canonical":"https:\/\/riabilitazioneneurocognitiva.it\/en\/training\/external-courses-authorized\/","og_locale":"en_US","og_type":"article","og_title":"External courses authorized - Riabilitazione Neurocognitiva","og_description":"[vc_row css=&#8221;.vc_custom_1542039237831{padding-bottom: 20px !important;}&#8221;][vc_column][\/vc_column][\/vc_row][vc_row][vc_column][vc_column_text] The Centro Studi di Riabilitazione Neurocognitiva di \u201cVilla Miari\u201d certifies the quality and proper training of courses performed outside the Centro Studi. These courses are taught by Neurocognitive Rehabilitator Teachers qualified by the Scuola Internazionale di Riabilitazione Neurocognitiva \u201cCarlo Perfetti\u201d (International School of Neurocognitive Rehabilitation). The Centro Studi, through its registered&hellip;","og_url":"https:\/\/riabilitazioneneurocognitiva.it\/en\/training\/external-courses-authorized\/","og_site_name":"Riabilitazione Neurocognitiva","article_publisher":"https:\/\/it-it.facebook.com\/centrostudivillamiari","article_modified_time":"2025-06-16T09:21:51+00:00","og_image":[{"width":1200,"height":630,"url":"https:\/\/riabilitazioneneurocognitiva.it\/wp-content\/uploads\/2021\/03\/rn-social-fb-home.jpg","type":"image\/jpeg"}],"twitter_card":"summary_large_image","twitter_misc":{"Est. reading time":"2 minutes"},"schema":{"@context":"https:\/\/schema.org","@graph":[{"@type":"WebPage","@id":"https:\/\/riabilitazioneneurocognitiva.it\/en\/training\/external-courses-authorized\/","url":"https:\/\/riabilitazioneneurocognitiva.it\/en\/training\/external-courses-authorized\/","name":"External courses authorized - Riabilitazione Neurocognitiva","isPartOf":{"@id":"https:\/\/riabilitazioneneurocognitiva.it\/en\/#website"},"datePublished":"2019-09-15T12:25:45+00:00","dateModified":"2025-06-16T09:21:51+00:00","breadcrumb":{"@id":"https:\/\/riabilitazioneneurocognitiva.it\/en\/training\/external-courses-authorized\/#breadcrumb"},"inLanguage":"en-US","potentialAction":[{"@type":"ReadAction","target":["https:\/\/riabilitazioneneurocognitiva.it\/en\/training\/external-courses-authorized\/"]}]},{"@type":"BreadcrumbList","@id":"https:\/\/riabilitazioneneurocognitiva.it\/en\/training\/external-courses-authorized\/#breadcrumb","itemListElement":[{"@type":"ListItem","position":1,"name":"Home","item":"https:\/\/riabilitazioneneurocognitiva.it\/en\/"},{"@type":"ListItem","position":2,"name":"Training","item":"https:\/\/riabilitazioneneurocognitiva.it\/en\/training\/"},{"@type":"ListItem","position":3,"name":"External courses authorized"}]},{"@type":"WebSite","@id":"https:\/\/riabilitazioneneurocognitiva.it\/en\/#website","url":"https:\/\/riabilitazioneneurocognitiva.it\/en\/","name":"Riabilitazione Neurocognitiva","description":"Centro Studi di Santorso","publisher":{"@id":"https:\/\/riabilitazioneneurocognitiva.it\/en\/#organization"},"potentialAction":[{"@type":"SearchAction","target":{"@type":"EntryPoint","urlTemplate":"https:\/\/riabilitazioneneurocognitiva.it\/en\/?s={search_term_string}"},"query-input":"required name=search_term_string"}],"inLanguage":"en-US"},{"@type":"Organization","@id":"https:\/\/riabilitazioneneurocognitiva.it\/en\/#organization","name":"Neurocognitive Rehabilitation - Villa Miari Study Center","url":"https:\/\/riabilitazioneneurocognitiva.it\/en\/","logo":{"@type":"ImageObject","inLanguage":"en-US","@id":"https:\/\/riabilitazioneneurocognitiva.it\/en\/#\/schema\/logo\/image\/","url":"https:\/\/riabilitazioneneurocognitiva.it\/wp-content\/uploads\/2018\/12\/rnc-mobile-logo-hd.png","contentUrl":"https:\/\/riabilitazioneneurocognitiva.it\/wp-content\/uploads\/2018\/12\/rnc-mobile-logo-hd.png","width":300,"height":120,"caption":"Neurocognitive Rehabilitation - Villa Miari Study Center"},"image":{"@id":"https:\/\/riabilitazioneneurocognitiva.it\/en\/#\/schema\/logo\/image\/"},"sameAs":["https:\/\/it-it.facebook.com\/centrostudivillamiari","https:\/\/www.youtube.com\/channel\/UCu7jdSSUefgLMX_NlSydUQQ"]}]}},"_links":{"self":[{"href":"https:\/\/riabilitazioneneurocognitiva.it\/en\/wp-json\/wp\/v2\/pages\/1278","targetHints":{"allow":["GET"]}}],"collection":[{"href":"https:\/\/riabilitazioneneurocognitiva.it\/en\/wp-json\/wp\/v2\/pages"}],"about":[{"href":"https:\/\/riabilitazioneneurocognitiva.it\/en\/wp-json\/wp\/v2\/types\/page"}],"author":[{"embeddable":true,"href":"https:\/\/riabilitazioneneurocognitiva.it\/en\/wp-json\/wp\/v2\/users\/1"}],"replies":[{"embeddable":true,"href":"https:\/\/riabilitazioneneurocognitiva.it\/en\/wp-json\/wp\/v2\/comments?post=1278"}],"version-history":[{"count":18,"href":"https:\/\/riabilitazioneneurocognitiva.it\/en\/wp-json\/wp\/v2\/pages\/1278\/revisions"}],"predecessor-version":[{"id":3863,"href":"https:\/\/riabilitazioneneurocognitiva.it\/en\/wp-json\/wp\/v2\/pages\/1278\/revisions\/3863"}],"up":[{"embeddable":true,"href":"https:\/\/riabilitazioneneurocognitiva.it\/en\/wp-json\/wp\/v2\/pages\/1274"}],"wp:attachment":[{"href":"https:\/\/riabilitazioneneurocognitiva.it\/en\/wp-json\/wp\/v2\/media?parent=1278"}],"curies":[{"name":"wp","href":"https:\/\/api.w.org\/{rel}","templated":true}]}}