{"id":1257,"date":"2018-11-07T14:58:58","date_gmt":"2018-11-07T14:58:58","guid":{"rendered":"http:\/\/riabilitazioneneurocognitiva.it\/acquista-un-corso\/"},"modified":"2020-11-27T15:18:26","modified_gmt":"2020-11-27T15:18:26","slug":"subscribe-to-our-courses","status":"publish","type":"page","link":"https:\/\/riabilitazioneneurocognitiva.it\/en\/subscribe-to-our-courses\/","title":{"rendered":"Subscribe to our Courses"},"content":{"rendered":"<div class=\"wpb-content-wrapper\"><p>[vc_row][vc_column][vc_column_text]<\/p>\n<h3>Subscribe and enroll one of our courses at the Restricted Area<\/h3>\n<div id=\"njcdgcofcbnlbpkpdhmlmiblaglnkpnj\"><\/div>\n<div id=\"njcdgcofcbnlbpkpdhmlmiblaglnkpnj\"><\/div>\n<p>[\/vc_column_text][vc_column_text]<\/p>\n<p>If you already have enrolled, <a href=\"https:\/\/riabilitazioneneurocognitiva.it\/en\/login\/\">click here to LOGIN<\/a>.<\/p>\n<p>It&#8217;s possible to find exclusive quality content:<\/p>\n<ul>\n<li>Video of the International Annual Congress, sorted by days and by the various lecturers.<\/li>\n<\/ul>\n<div id=\"njcdgcofcbnlbpkpdhmlmiblaglnkpnj\"><\/div>\n<p>[\/vc_column_text][\/vc_column][\/vc_row][vc_row][vc_column]<div class=\"ich_level_wrap ihc_level_template_5\"><div class=\"ihc-level-item\"><div class=\"ihc-level-item-wrap\"><div class=\"ihc-level-item-top\"><div class=\"ihc-level-item-title\">Iscrizione 2017<\/div><\/div><div class=\"ihc-level-item-price\">ISCRIZIONE<\/div><div class=\"ihc-level-item-content\"><h5>Questo abbonamento permette la visione dei video realizzati al Convegno Internazionale 2017.<\/h5>\r\nTrattasi di servizio a pagamento, la pre-iscrizione \u00e8 gratuita, verr\u00e0 in seguito contattato dalla Segreteria che Le illustrer\u00e0 il processo per effettuare il pagamento e attivare il suo account.<\/div><div class=\"ihc-level-item-bottom\"><div onClick=\"ihcBuyNewLevel('https:\/\/riabilitazioneneurocognitiva.it\/pre-registrazione\/?lid=1');\" class=\"ihc-level-item-link  ihc-cursor-pointer\">Sign Up<\/div><div class=\"iump-clear\"><\/div><\/div><\/div><\/div><div class=\"ihc-level-item\"><div class=\"ihc-level-item-wrap\"><div class=\"ihc-level-item-top\"><div class=\"ihc-level-item-title\">Iscrizione 2018<\/div><\/div><div class=\"ihc-level-item-price\">ISCRIZIONE<\/div><div class=\"ihc-level-item-content\"><h5>Questo abbonamento permette la visione dei video realizzati al Convegno Internazionale 2018.<\/h5>\r\nTrattasi di servizio a pagamento, la pre-iscrizione \u00e8 gratuita, verr\u00e0 in seguito contattato dalla Segreteria che Le illustrer\u00e0 il processo per effettuare il pagamento e attivare il suo account.<\/div><div class=\"ihc-level-item-bottom\"><div onClick=\"ihcBuyNewLevel('https:\/\/riabilitazioneneurocognitiva.it\/pre-registrazione\/?lid=2');\" class=\"ihc-level-item-link  ihc-cursor-pointer\">Sign Up<\/div><div class=\"iump-clear\"><\/div><\/div><\/div><\/div><div class=\"ihc-level-item\"><div class=\"ihc-level-item-wrap\"><div class=\"ihc-level-item-top\"><div class=\"ihc-level-item-title\">Scuola Online<\/div><\/div><div class=\"ihc-level-item-price\">ISCRIZIONE<\/div><div class=\"ihc-level-item-content\">Trattasi di servizio a pagamento, la pre-iscrizione \u00e8 gratuita, verr\u00e0 in seguito contattato dalla Segreteria che Le illustrer\u00e0 il processo per effettuare il pagamento e attivare il suo account.<\/div><div class=\"ihc-level-item-bottom\"><div onClick=\"ihcBuyNewLevel('https:\/\/riabilitazioneneurocognitiva.it\/pre-registrazione\/?lid=3');\" class=\"ihc-level-item-link  ihc-cursor-pointer\">Sign Up<\/div><div class=\"iump-clear\"><\/div><\/div><\/div><\/div><div class=\"ihc-level-item\"><div class=\"ihc-level-item-wrap\"><div class=\"ihc-level-item-top\"><div class=\"ihc-level-item-title\">Iscrizione 2019<\/div><\/div><div class=\"ihc-level-item-price\">ISCRIZIONE<\/div><div class=\"ihc-level-item-content\"><h5>Questo abbonamento permette la visione dei video realizzati al Convegno Internazionale 2019.<\/h5>\r\nTrattasi di servizio a pagamento, la pre-iscrizione \u00e8 gratuita, verr\u00e0 in seguito contattato dalla Segreteria che Le illustrer\u00e0 il processo per effettuare il pagamento e attivare il suo account.<\/div><div class=\"ihc-level-item-bottom\"><div onClick=\"ihcBuyNewLevel('https:\/\/riabilitazioneneurocognitiva.it\/pre-registrazione\/?lid=4');\" class=\"ihc-level-item-link  ihc-cursor-pointer\">Sign Up<\/div><div class=\"iump-clear\"><\/div><\/div><\/div><\/div><\/div>[\/vc_column][\/vc_row]<\/p>\n<div id=\"njcdgcofcbnlbpkpdhmlmiblaglnkpnj\"><\/div>\n<div id=\"njcdgcofcbnlbpkpdhmlmiblaglnkpnj\"><\/div>\n<div id=\"njcdgcofcbnlbpkpdhmlmiblaglnkpnj\"><\/div>\n<\/div>","protected":false},"excerpt":{"rendered":"<p>[vc_row][vc_column][vc_column_text] Subscribe and enroll one of our courses at the Restricted Area [\/vc_column_text][vc_column_text] If you already have enrolled, click here to LOGIN. It&#8217;s possible to find exclusive quality content: Video of the International Annual Congress, sorted by days and by the various lecturers. [\/vc_column_text][\/vc_column][\/vc_row][vc_row][vc_column][\/vc_column][\/vc_row]<\/p>\n","protected":false},"author":1,"featured_media":0,"parent":0,"menu_order":0,"comment_status":"closed","ping_status":"closed","template":"","meta":{"_acf_changed":false,"footnotes":""},"class_list":["post-1257","page","type-page","status-publish","hentry","description-off"],"acf":[],"yoast_head":"<!-- This site is optimized with the Yoast SEO plugin v23.1 - https:\/\/yoast.com\/wordpress\/plugins\/seo\/ -->\n<title>Subscribe to our Courses - Riabilitazione Neurocognitiva<\/title>\n<meta name=\"description\" content=\"Education for physical therapists, physicians and therapists of rehabilitation in Veneto: every course issues an ECM credit.\" \/>\n<meta name=\"robots\" content=\"index, follow, max-snippet:-1, max-image-preview:large, max-video-preview:-1\" \/>\n<link rel=\"canonical\" href=\"https:\/\/riabilitazioneneurocognitiva.it\/en\/subscribe-to-our-courses\/\" \/>\n<meta property=\"og:locale\" content=\"en_US\" \/>\n<meta property=\"og:type\" content=\"article\" \/>\n<meta property=\"og:title\" content=\"Subscribe to our Courses - Riabilitazione Neurocognitiva\" \/>\n<meta property=\"og:description\" content=\"Education for physical therapists, physicians and therapists of rehabilitation in Veneto: every course issues an ECM credit.\" \/>\n<meta property=\"og:url\" content=\"https:\/\/riabilitazioneneurocognitiva.it\/en\/subscribe-to-our-courses\/\" \/>\n<meta property=\"og:site_name\" content=\"Riabilitazione Neurocognitiva\" \/>\n<meta property=\"article:publisher\" content=\"https:\/\/it-it.facebook.com\/centrostudivillamiari\" \/>\n<meta property=\"article:modified_time\" content=\"2020-11-27T15:18:26+00:00\" \/>\n<meta property=\"og:image\" content=\"https:\/\/riabilitazioneneurocognitiva.it\/wp-content\/uploads\/2021\/03\/rn-social-fb-home.jpg\" \/>\n\t<meta property=\"og:image:width\" content=\"1200\" \/>\n\t<meta property=\"og:image:height\" content=\"630\" \/>\n\t<meta property=\"og:image:type\" content=\"image\/jpeg\" \/>\n<meta name=\"twitter:card\" content=\"summary_large_image\" \/>\n<script type=\"application\/ld+json\" class=\"yoast-schema-graph\">{\"@context\":\"https:\/\/schema.org\",\"@graph\":[{\"@type\":\"WebPage\",\"@id\":\"https:\/\/riabilitazioneneurocognitiva.it\/en\/subscribe-to-our-courses\/\",\"url\":\"https:\/\/riabilitazioneneurocognitiva.it\/en\/subscribe-to-our-courses\/\",\"name\":\"Subscribe to our Courses - Riabilitazione Neurocognitiva\",\"isPartOf\":{\"@id\":\"https:\/\/riabilitazioneneurocognitiva.it\/en\/#website\"},\"datePublished\":\"2018-11-07T14:58:58+00:00\",\"dateModified\":\"2020-11-27T15:18:26+00:00\",\"description\":\"Education for physical therapists, physicians and therapists of rehabilitation in Veneto: every course issues an ECM credit.\",\"breadcrumb\":{\"@id\":\"https:\/\/riabilitazioneneurocognitiva.it\/en\/subscribe-to-our-courses\/#breadcrumb\"},\"inLanguage\":\"en-US\",\"potentialAction\":[{\"@type\":\"ReadAction\",\"target\":[\"https:\/\/riabilitazioneneurocognitiva.it\/en\/subscribe-to-our-courses\/\"]}]},{\"@type\":\"BreadcrumbList\",\"@id\":\"https:\/\/riabilitazioneneurocognitiva.it\/en\/subscribe-to-our-courses\/#breadcrumb\",\"itemListElement\":[{\"@type\":\"ListItem\",\"position\":1,\"name\":\"Home\",\"item\":\"https:\/\/riabilitazioneneurocognitiva.it\/en\/\"},{\"@type\":\"ListItem\",\"position\":2,\"name\":\"Subscribe to our Courses\"}]},{\"@type\":\"WebSite\",\"@id\":\"https:\/\/riabilitazioneneurocognitiva.it\/en\/#website\",\"url\":\"https:\/\/riabilitazioneneurocognitiva.it\/en\/\",\"name\":\"Riabilitazione Neurocognitiva\",\"description\":\"Centro Studi di Santorso\",\"publisher\":{\"@id\":\"https:\/\/riabilitazioneneurocognitiva.it\/en\/#organization\"},\"potentialAction\":[{\"@type\":\"SearchAction\",\"target\":{\"@type\":\"EntryPoint\",\"urlTemplate\":\"https:\/\/riabilitazioneneurocognitiva.it\/en\/?s={search_term_string}\"},\"query-input\":\"required name=search_term_string\"}],\"inLanguage\":\"en-US\"},{\"@type\":\"Organization\",\"@id\":\"https:\/\/riabilitazioneneurocognitiva.it\/en\/#organization\",\"name\":\"Neurocognitive Rehabilitation - Villa Miari Study Center\",\"url\":\"https:\/\/riabilitazioneneurocognitiva.it\/en\/\",\"logo\":{\"@type\":\"ImageObject\",\"inLanguage\":\"en-US\",\"@id\":\"https:\/\/riabilitazioneneurocognitiva.it\/en\/#\/schema\/logo\/image\/\",\"url\":\"https:\/\/riabilitazioneneurocognitiva.it\/wp-content\/uploads\/2018\/12\/rnc-mobile-logo-hd.png\",\"contentUrl\":\"https:\/\/riabilitazioneneurocognitiva.it\/wp-content\/uploads\/2018\/12\/rnc-mobile-logo-hd.png\",\"width\":300,\"height\":120,\"caption\":\"Neurocognitive Rehabilitation - Villa Miari Study Center\"},\"image\":{\"@id\":\"https:\/\/riabilitazioneneurocognitiva.it\/en\/#\/schema\/logo\/image\/\"},\"sameAs\":[\"https:\/\/it-it.facebook.com\/centrostudivillamiari\",\"https:\/\/www.youtube.com\/channel\/UCu7jdSSUefgLMX_NlSydUQQ\"]}]}<\/script>\n<!-- \/ Yoast SEO plugin. -->","yoast_head_json":{"title":"Subscribe to our Courses - Riabilitazione Neurocognitiva","description":"Education for physical therapists, physicians and therapists of rehabilitation in Veneto: every course issues an ECM credit.","robots":{"index":"index","follow":"follow","max-snippet":"max-snippet:-1","max-image-preview":"max-image-preview:large","max-video-preview":"max-video-preview:-1"},"canonical":"https:\/\/riabilitazioneneurocognitiva.it\/en\/subscribe-to-our-courses\/","og_locale":"en_US","og_type":"article","og_title":"Subscribe to our Courses - Riabilitazione Neurocognitiva","og_description":"Education for physical therapists, physicians and therapists of rehabilitation in Veneto: every course issues an ECM credit.","og_url":"https:\/\/riabilitazioneneurocognitiva.it\/en\/subscribe-to-our-courses\/","og_site_name":"Riabilitazione Neurocognitiva","article_publisher":"https:\/\/it-it.facebook.com\/centrostudivillamiari","article_modified_time":"2020-11-27T15:18:26+00:00","og_image":[{"width":1200,"height":630,"url":"https:\/\/riabilitazioneneurocognitiva.it\/wp-content\/uploads\/2021\/03\/rn-social-fb-home.jpg","type":"image\/jpeg"}],"twitter_card":"summary_large_image","schema":{"@context":"https:\/\/schema.org","@graph":[{"@type":"WebPage","@id":"https:\/\/riabilitazioneneurocognitiva.it\/en\/subscribe-to-our-courses\/","url":"https:\/\/riabilitazioneneurocognitiva.it\/en\/subscribe-to-our-courses\/","name":"Subscribe to our Courses - Riabilitazione Neurocognitiva","isPartOf":{"@id":"https:\/\/riabilitazioneneurocognitiva.it\/en\/#website"},"datePublished":"2018-11-07T14:58:58+00:00","dateModified":"2020-11-27T15:18:26+00:00","description":"Education for physical therapists, physicians and therapists of rehabilitation in Veneto: every course issues an ECM credit.","breadcrumb":{"@id":"https:\/\/riabilitazioneneurocognitiva.it\/en\/subscribe-to-our-courses\/#breadcrumb"},"inLanguage":"en-US","potentialAction":[{"@type":"ReadAction","target":["https:\/\/riabilitazioneneurocognitiva.it\/en\/subscribe-to-our-courses\/"]}]},{"@type":"BreadcrumbList","@id":"https:\/\/riabilitazioneneurocognitiva.it\/en\/subscribe-to-our-courses\/#breadcrumb","itemListElement":[{"@type":"ListItem","position":1,"name":"Home","item":"https:\/\/riabilitazioneneurocognitiva.it\/en\/"},{"@type":"ListItem","position":2,"name":"Subscribe to our Courses"}]},{"@type":"WebSite","@id":"https:\/\/riabilitazioneneurocognitiva.it\/en\/#website","url":"https:\/\/riabilitazioneneurocognitiva.it\/en\/","name":"Riabilitazione Neurocognitiva","description":"Centro Studi di Santorso","publisher":{"@id":"https:\/\/riabilitazioneneurocognitiva.it\/en\/#organization"},"potentialAction":[{"@type":"SearchAction","target":{"@type":"EntryPoint","urlTemplate":"https:\/\/riabilitazioneneurocognitiva.it\/en\/?s={search_term_string}"},"query-input":"required name=search_term_string"}],"inLanguage":"en-US"},{"@type":"Organization","@id":"https:\/\/riabilitazioneneurocognitiva.it\/en\/#organization","name":"Neurocognitive Rehabilitation - Villa Miari Study Center","url":"https:\/\/riabilitazioneneurocognitiva.it\/en\/","logo":{"@type":"ImageObject","inLanguage":"en-US","@id":"https:\/\/riabilitazioneneurocognitiva.it\/en\/#\/schema\/logo\/image\/","url":"https:\/\/riabilitazioneneurocognitiva.it\/wp-content\/uploads\/2018\/12\/rnc-mobile-logo-hd.png","contentUrl":"https:\/\/riabilitazioneneurocognitiva.it\/wp-content\/uploads\/2018\/12\/rnc-mobile-logo-hd.png","width":300,"height":120,"caption":"Neurocognitive Rehabilitation - Villa Miari Study Center"},"image":{"@id":"https:\/\/riabilitazioneneurocognitiva.it\/en\/#\/schema\/logo\/image\/"},"sameAs":["https:\/\/it-it.facebook.com\/centrostudivillamiari","https:\/\/www.youtube.com\/channel\/UCu7jdSSUefgLMX_NlSydUQQ"]}]}},"_links":{"self":[{"href":"https:\/\/riabilitazioneneurocognitiva.it\/en\/wp-json\/wp\/v2\/pages\/1257","targetHints":{"allow":["GET"]}}],"collection":[{"href":"https:\/\/riabilitazioneneurocognitiva.it\/en\/wp-json\/wp\/v2\/pages"}],"about":[{"href":"https:\/\/riabilitazioneneurocognitiva.it\/en\/wp-json\/wp\/v2\/types\/page"}],"author":[{"embeddable":true,"href":"https:\/\/riabilitazioneneurocognitiva.it\/en\/wp-json\/wp\/v2\/users\/1"}],"replies":[{"embeddable":true,"href":"https:\/\/riabilitazioneneurocognitiva.it\/en\/wp-json\/wp\/v2\/comments?post=1257"}],"version-history":[{"count":17,"href":"https:\/\/riabilitazioneneurocognitiva.it\/en\/wp-json\/wp\/v2\/pages\/1257\/revisions"}],"predecessor-version":[{"id":2319,"href":"https:\/\/riabilitazioneneurocognitiva.it\/en\/wp-json\/wp\/v2\/pages\/1257\/revisions\/2319"}],"wp:attachment":[{"href":"https:\/\/riabilitazioneneurocognitiva.it\/en\/wp-json\/wp\/v2\/media?parent=1257"}],"curies":[{"name":"wp","href":"https:\/\/api.w.org\/{rel}","templated":true}]}}